{"id":117,"date":"2014-10-20T13:29:06","date_gmt":"2014-10-20T13:29:06","guid":{"rendered":"http:\/\/kathtreff.org\/blog\/?page_id=117"},"modified":"2015-07-05T18:04:45","modified_gmt":"2015-07-05T17:04:45","slug":"online-dating-richtig-gemacht","status":"publish","type":"page","link":"https:\/\/www.kathtreff.org\/blog\/online-dating-richtig-gemacht\/","title":{"rendered":"Online Dating richtig gemacht"},"content":{"rendered":"<p>Jeder zweite Single ist Mitglied einer Internet-Heiratsb\u00f6rse und das ist gut so, denn ein Eisen im Feuer macht das Leben spannend! Der Erfolg gibt den Heiratsb\u00f6rsen recht: Jede f\u00fcnfte Ehe startet im Internet. Das Vorurteil, online dating nur etwas f\u00fcr &#8222;\u00fcbrig Gebliebene&#8220;, ist damit entkr\u00e4ftet.<br \/>\nAber wie gestaltet man die Partnersuche im Internet richtig? Worauf muss man achten?<\/p>\n<p>Laden Sie kostenlos unseren kurzen Ratgeber herunter!<\/p>\n","protected":false},"excerpt":{"rendered":"<p>Jeder zweite Single ist Mitglied einer Internet-Heiratsb\u00f6rse und das ist gut so, denn ein Eisen im Feuer macht das Leben spannend! Der Erfolg gibt den Heiratsb\u00f6rsen recht: Jede f\u00fcnfte Ehe startet im Internet. Das Vorurteil, online dating nur etwas f\u00fcr &#8222;\u00fcbrig Gebliebene&#8220;, ist damit entkr\u00e4ftet. Aber wie gestaltet man die Partnersuche im Internet richtig? Worauf [&hellip;]<\/p>\n","protected":false},"author":1,"featured_media":0,"parent":0,"menu_order":0,"comment_status":"open","ping_status":"open","template":"page_landing.php","meta":{"_genesis_hide_title":false,"_genesis_hide_breadcrumbs":false,"_genesis_hide_singular_image":false,"_genesis_hide_footer_widgets":false,"_genesis_custom_body_class":"","_genesis_custom_post_class":"","_genesis_layout":"","footnotes":""},"class_list":{"0":"post-117","1":"page","2":"type-page","3":"status-publish","5":"entry"},"yoast_head":"<!-- This site is optimized with the Yoast SEO plugin v27.4 - https:\/\/yoast.com\/product\/yoast-seo-wordpress\/ -->\n<title>Online Dating richtig gemacht - kathTreff Blog<\/title>\n<meta name=\"robots\" content=\"index, follow, max-snippet:-1, max-image-preview:large, max-video-preview:-1\" \/>\n<link rel=\"canonical\" href=\"https:\/\/www.kathtreff.org\/blog\/online-dating-richtig-gemacht\/\" \/>\n<script type=\"application\/ld+json\" class=\"yoast-schema-graph\">{\"@context\":\"https:\\\/\\\/schema.org\",\"@graph\":[{\"@type\":\"WebPage\",\"@id\":\"https:\\\/\\\/www.kathtreff.org\\\/blog\\\/online-dating-richtig-gemacht\\\/\",\"url\":\"https:\\\/\\\/www.kathtreff.org\\\/blog\\\/online-dating-richtig-gemacht\\\/\",\"name\":\"Online Dating richtig gemacht - kathTreff Blog\",\"isPartOf\":{\"@id\":\"https:\\\/\\\/www.kathtreff.org\\\/blog\\\/#website\"},\"datePublished\":\"2014-10-20T13:29:06+00:00\",\"dateModified\":\"2015-07-05T17:04:45+00:00\",\"breadcrumb\":{\"@id\":\"https:\\\/\\\/www.kathtreff.org\\\/blog\\\/online-dating-richtig-gemacht\\\/#breadcrumb\"},\"inLanguage\":\"de\",\"potentialAction\":[{\"@type\":\"ReadAction\",\"target\":[\"https:\\\/\\\/www.kathtreff.org\\\/blog\\\/online-dating-richtig-gemacht\\\/\"]}]},{\"@type\":\"BreadcrumbList\",\"@id\":\"https:\\\/\\\/www.kathtreff.org\\\/blog\\\/online-dating-richtig-gemacht\\\/#breadcrumb\",\"itemListElement\":[{\"@type\":\"ListItem\",\"position\":1,\"name\":\"Home\",\"item\":\"https:\\\/\\\/www.kathtreff.org\\\/blog\\\/\"},{\"@type\":\"ListItem\",\"position\":2,\"name\":\"Online Dating richtig gemacht\"}]},{\"@type\":\"WebSite\",\"@id\":\"https:\\\/\\\/www.kathtreff.org\\\/blog\\\/#website\",\"url\":\"https:\\\/\\\/www.kathtreff.org\\\/blog\\\/\",\"name\":\"kathTreff Blog\",\"description\":\"Partnersuche f\u00fcr katholische Singles\",\"potentialAction\":[{\"@type\":\"SearchAction\",\"target\":{\"@type\":\"EntryPoint\",\"urlTemplate\":\"https:\\\/\\\/www.kathtreff.org\\\/blog\\\/?s={search_term_string}\"},\"query-input\":{\"@type\":\"PropertyValueSpecification\",\"valueRequired\":true,\"valueName\":\"search_term_string\"}}],\"inLanguage\":\"de\"}]}<\/script>\n<!-- \/ Yoast SEO plugin. -->","yoast_head_json":{"title":"Online Dating richtig gemacht - kathTreff Blog","robots":{"index":"index","follow":"follow","max-snippet":"max-snippet:-1","max-image-preview":"max-image-preview:large","max-video-preview":"max-video-preview:-1"},"canonical":"https:\/\/www.kathtreff.org\/blog\/online-dating-richtig-gemacht\/","schema":{"@context":"https:\/\/schema.org","@graph":[{"@type":"WebPage","@id":"https:\/\/www.kathtreff.org\/blog\/online-dating-richtig-gemacht\/","url":"https:\/\/www.kathtreff.org\/blog\/online-dating-richtig-gemacht\/","name":"Online Dating richtig gemacht - kathTreff Blog","isPartOf":{"@id":"https:\/\/www.kathtreff.org\/blog\/#website"},"datePublished":"2014-10-20T13:29:06+00:00","dateModified":"2015-07-05T17:04:45+00:00","breadcrumb":{"@id":"https:\/\/www.kathtreff.org\/blog\/online-dating-richtig-gemacht\/#breadcrumb"},"inLanguage":"de","potentialAction":[{"@type":"ReadAction","target":["https:\/\/www.kathtreff.org\/blog\/online-dating-richtig-gemacht\/"]}]},{"@type":"BreadcrumbList","@id":"https:\/\/www.kathtreff.org\/blog\/online-dating-richtig-gemacht\/#breadcrumb","itemListElement":[{"@type":"ListItem","position":1,"name":"Home","item":"https:\/\/www.kathtreff.org\/blog\/"},{"@type":"ListItem","position":2,"name":"Online Dating richtig gemacht"}]},{"@type":"WebSite","@id":"https:\/\/www.kathtreff.org\/blog\/#website","url":"https:\/\/www.kathtreff.org\/blog\/","name":"kathTreff Blog","description":"Partnersuche f\u00fcr katholische Singles","potentialAction":[{"@type":"SearchAction","target":{"@type":"EntryPoint","urlTemplate":"https:\/\/www.kathtreff.org\/blog\/?s={search_term_string}"},"query-input":{"@type":"PropertyValueSpecification","valueRequired":true,"valueName":"search_term_string"}}],"inLanguage":"de"}]}},"_links":{"self":[{"href":"https:\/\/www.kathtreff.org\/blog\/wp-json\/wp\/v2\/pages\/117","targetHints":{"allow":["GET"]}}],"collection":[{"href":"https:\/\/www.kathtreff.org\/blog\/wp-json\/wp\/v2\/pages"}],"about":[{"href":"https:\/\/www.kathtreff.org\/blog\/wp-json\/wp\/v2\/types\/page"}],"author":[{"embeddable":true,"href":"https:\/\/www.kathtreff.org\/blog\/wp-json\/wp\/v2\/users\/1"}],"replies":[{"embeddable":true,"href":"https:\/\/www.kathtreff.org\/blog\/wp-json\/wp\/v2\/comments?post=117"}],"version-history":[{"count":3,"href":"https:\/\/www.kathtreff.org\/blog\/wp-json\/wp\/v2\/pages\/117\/revisions"}],"predecessor-version":[{"id":528,"href":"https:\/\/www.kathtreff.org\/blog\/wp-json\/wp\/v2\/pages\/117\/revisions\/528"}],"wp:attachment":[{"href":"https:\/\/www.kathtreff.org\/blog\/wp-json\/wp\/v2\/media?parent=117"}],"curies":[{"name":"wp","href":"https:\/\/api.w.org\/{rel}","templated":true}]}}